{"id":456,"date":"2015-04-27T14:20:27","date_gmt":"2015-04-27T12:20:27","guid":{"rendered":"http:\/\/guenther.schaetzinger.net\/?page_id=456"},"modified":"2023-08-30T08:52:33","modified_gmt":"2023-08-30T06:52:33","slug":"links","status":"publish","type":"page","link":"https:\/\/guenther.schaetzinger.net\/?page_id=456","title":{"rendered":"Links"},"content":{"rendered":"<p><a title=\"Mein Gipfelbuch in peakhunter\" href=\"http:\/\/www.peakhunter.com\/de\/hunters\/ing-guenther-schaetzinger\" target=\"_blank\" rel=\"noopener\">Mein Gipfelbuch in peakhunter<\/a><br \/>\n<a title=\"Meine Aktivit\u00e4ten bei runtastic\" href=\"https:\/\/www.runtastic.com\/de\/benutzer\/Guenther-Schaetzinger\/sportaktivitaeten\" target=\"_blank\" rel=\"noopener\">Meine Aktivit\u00e4ten bei runtastic<\/a><\/p>\n<hr \/>\n<p><a title=\"Nieder\u00f6sterreich-Card\" href=\"http:\/\/www.niederoesterreich-card.at\/\" target=\"_blank\" rel=\"noopener\">Nieder\u00f6sterreich-Card<\/a><\/p>\n<hr \/>\n<p><a title=\"Wetter in Moosbrunn\" href=\"http:\/\/www.wetter.at\/wetter\/oesterreich\/niederoesterreich\/moosbrunn\" target=\"_blank\" rel=\"noopener\">Das Wetter in Moosbrunn<br \/>\n<\/a><a title=\"Gemeinde Moosbrunn\" href=\"http:\/\/www.moosbrunn.gv.at\" target=\"_blank\" rel=\"noopener\">Gemeinde Moosbrunn<\/a><br \/>\n<a title=\"Volkspartei Moosbrunn\" href=\"http:\/\/www.moosbrunn.at\" target=\"_blank\" rel=\"noopener\">Volkspartei Moosbrunn<\/a><a title=\"Sch\u00e4tzinger EDV Consulting\" href=\"http:\/\/www.schaetzinger.net\" target=\"_blank\" rel=\"noopener\"><br \/>\nSch\u00e4tzinger EDV Consulting<\/a><\/p>\n<hr \/>\n","protected":false},"excerpt":{"rendered":"<p>Mein Gipfelbuch in peakhunter Meine Aktivit\u00e4ten bei runtastic Nieder\u00f6sterreich-Card Das Wetter in Moosbrunn Gemeinde Moosbrunn Volkspartei Moosbrunn Sch\u00e4tzinger EDV Consulting<\/p>\n","protected":false},"author":1,"featured_media":0,"parent":0,"menu_order":0,"comment_status":"closed","ping_status":"closed","template":"page-templates\/full-width.php","meta":{"footnotes":""},"class_list":["post-456","page","type-page","status-publish","hentry"],"jetpack_sharing_enabled":true,"jetpack_shortlink":"https:\/\/wp.me\/P60N99-7m","_links":{"self":[{"href":"https:\/\/guenther.schaetzinger.net\/index.php?rest_route=\/wp\/v2\/pages\/456","targetHints":{"allow":["GET"]}}],"collection":[{"href":"https:\/\/guenther.schaetzinger.net\/index.php?rest_route=\/wp\/v2\/pages"}],"about":[{"href":"https:\/\/guenther.schaetzinger.net\/index.php?rest_route=\/wp\/v2\/types\/page"}],"author":[{"embeddable":true,"href":"https:\/\/guenther.schaetzinger.net\/index.php?rest_route=\/wp\/v2\/users\/1"}],"replies":[{"embeddable":true,"href":"https:\/\/guenther.schaetzinger.net\/index.php?rest_route=%2Fwp%2Fv2%2Fcomments&post=456"}],"version-history":[{"count":8,"href":"https:\/\/guenther.schaetzinger.net\/index.php?rest_route=\/wp\/v2\/pages\/456\/revisions"}],"predecessor-version":[{"id":930,"href":"https:\/\/guenther.schaetzinger.net\/index.php?rest_route=\/wp\/v2\/pages\/456\/revisions\/930"}],"wp:attachment":[{"href":"https:\/\/guenther.schaetzinger.net\/index.php?rest_route=%2Fwp%2Fv2%2Fmedia&parent=456"}],"curies":[{"name":"wp","href":"https:\/\/api.w.org\/{rel}","templated":true}]}}