{"id":170,"date":"2015-04-04T13:09:55","date_gmt":"2015-04-04T11:09:55","guid":{"rendered":"http:\/\/guenther.schaetzinger.net\/?page_id=170"},"modified":"2015-04-27T13:26:37","modified_gmt":"2015-04-27T11:26:37","slug":"automobilsportclub-rrc13-2014","status":"publish","type":"page","link":"https:\/\/guenther.schaetzinger.net\/?page_id=170","title":{"rendered":"Automobilsportclub RRC13 &#8211; 2014"},"content":{"rendered":"<p>Seit 7. Mai 2014 bin ich Mitglied im Automobilsportclub RRC13 Wien. Neben den monatlichen Treffen werden auch diverse Wettbwerbe und Kartrennen veranstaltet, deren Wertungen in den Kart-Cup und die Clubmeisterschaft einflie\u00dfen.<\/p>\n<p>Als w\u00fcrdiger Jahresabschlu\u00df mit \u00dcberreichung der Pokale wird auch eine allj\u00e4hrliche Weihnachtsfeier veranstaltet. Heuer habe ich zwar noch keinen RRC13-Pokal erringen k\u00f6nnen, mein Fahrer Sepp Fischer und ich wurden aber aufgrund unserer Leistungen und des Endstandes am 3. Rang in der Klasse G der \u00d6MVV-Staatsmeisterschaft gew\u00fcrdigt.<br \/>\n<strong><em>Im Bild v.l.n.r.: Clubpr\u00e4sident Michael Albert, Vizepr\u00e4sident Christian Wurzer, Sepp Fischer und ich.<\/em><\/strong><\/p>\n<p>Hier der Endstand der RRC13-Clubmeisterschaft 2014:<br \/>\n<a href=\"https:\/\/guenther.schaetzinger.net\/wp-content\/uploads\/2015\/04\/Clubmeisterschaft_2014_Endstand_gs2.jpg\" target=\"_blank\"><img loading=\"lazy\" decoding=\"async\" data-attachment-id=\"212\" data-permalink=\"https:\/\/guenther.schaetzinger.net\/?attachment_id=212\" data-orig-file=\"https:\/\/guenther.schaetzinger.net\/wp-content\/uploads\/2015\/04\/Clubmeisterschaft_2014_Endstand_gs2.jpg\" data-orig-size=\"2080,1586\" data-comments-opened=\"1\" data-image-meta=\"{&quot;aperture&quot;:&quot;0&quot;,&quot;credit&quot;:&quot;&quot;,&quot;camera&quot;:&quot;&quot;,&quot;caption&quot;:&quot;&quot;,&quot;created_timestamp&quot;:&quot;0&quot;,&quot;copyright&quot;:&quot;&quot;,&quot;focal_length&quot;:&quot;0&quot;,&quot;iso&quot;:&quot;0&quot;,&quot;shutter_speed&quot;:&quot;0&quot;,&quot;title&quot;:&quot;&quot;,&quot;orientation&quot;:&quot;0&quot;}\" data-image-title=\"Clubmeisterschaft_2014_Endstand_gs2\" data-image-description=\"\" data-image-caption=\"\" data-medium-file=\"https:\/\/guenther.schaetzinger.net\/wp-content\/uploads\/2015\/04\/Clubmeisterschaft_2014_Endstand_gs2-300x229.jpg\" data-large-file=\"https:\/\/guenther.schaetzinger.net\/wp-content\/uploads\/2015\/04\/Clubmeisterschaft_2014_Endstand_gs2-1024x781.jpg\" class=\"alignnone wp-image-212 size-large\" src=\"https:\/\/guenther.schaetzinger.net\/wp-content\/uploads\/2015\/04\/Clubmeisterschaft_2014_Endstand_gs2-1024x781.jpg\" alt=\"Clubmeisterschaft_2014_Endstand_gs2\" width=\"474\" height=\"362\" srcset=\"https:\/\/guenther.schaetzinger.net\/wp-content\/uploads\/2015\/04\/Clubmeisterschaft_2014_Endstand_gs2-1024x781.jpg 1024w, https:\/\/guenther.schaetzinger.net\/wp-content\/uploads\/2015\/04\/Clubmeisterschaft_2014_Endstand_gs2-300x229.jpg 300w\" sizes=\"auto, (max-width: 474px) 100vw, 474px\" \/><\/a><br \/>\nPDF-Download: <a href=\"https:\/\/guenther.schaetzinger.net\/wp-content\/uploads\/2015\/04\/Clubmeisterschaft_2014_Endstand_gs.pdf\" target=\"_blank\">Clubmeisterschaft_2014_Endstand_gs<\/a><\/p>\n<p>Und hier der Endstand des RRC13-Kart-Cups 2014:<br \/>\n<a href=\"https:\/\/guenther.schaetzinger.net\/wp-content\/uploads\/2015\/04\/Kart_Cup_Endstand_2014_gs2.jpg\" target=\"_blank\"><img loading=\"lazy\" decoding=\"async\" data-attachment-id=\"211\" data-permalink=\"https:\/\/guenther.schaetzinger.net\/?attachment_id=211\" data-orig-file=\"https:\/\/guenther.schaetzinger.net\/wp-content\/uploads\/2015\/04\/Kart_Cup_Endstand_2014_gs2.jpg\" data-orig-size=\"1589,1340\" data-comments-opened=\"1\" data-image-meta=\"{&quot;aperture&quot;:&quot;0&quot;,&quot;credit&quot;:&quot;&quot;,&quot;camera&quot;:&quot;&quot;,&quot;caption&quot;:&quot;&quot;,&quot;created_timestamp&quot;:&quot;0&quot;,&quot;copyright&quot;:&quot;&quot;,&quot;focal_length&quot;:&quot;0&quot;,&quot;iso&quot;:&quot;0&quot;,&quot;shutter_speed&quot;:&quot;0&quot;,&quot;title&quot;:&quot;&quot;,&quot;orientation&quot;:&quot;0&quot;}\" data-image-title=\"Kart_Cup_Endstand_2014_gs2\" data-image-description=\"\" data-image-caption=\"\" data-medium-file=\"https:\/\/guenther.schaetzinger.net\/wp-content\/uploads\/2015\/04\/Kart_Cup_Endstand_2014_gs2-300x253.jpg\" data-large-file=\"https:\/\/guenther.schaetzinger.net\/wp-content\/uploads\/2015\/04\/Kart_Cup_Endstand_2014_gs2-1024x864.jpg\" class=\"alignnone size-large wp-image-211\" src=\"https:\/\/guenther.schaetzinger.net\/wp-content\/uploads\/2015\/04\/Kart_Cup_Endstand_2014_gs2-1024x864.jpg\" alt=\"Kart_Cup_Endstand_2014_gs2\" width=\"474\" height=\"400\" srcset=\"https:\/\/guenther.schaetzinger.net\/wp-content\/uploads\/2015\/04\/Kart_Cup_Endstand_2014_gs2-1024x864.jpg 1024w, https:\/\/guenther.schaetzinger.net\/wp-content\/uploads\/2015\/04\/Kart_Cup_Endstand_2014_gs2-300x253.jpg 300w, https:\/\/guenther.schaetzinger.net\/wp-content\/uploads\/2015\/04\/Kart_Cup_Endstand_2014_gs2.jpg 1589w\" sizes=\"auto, (max-width: 474px) 100vw, 474px\" \/><\/a><br \/>\nPDF-Download: <a href=\"https:\/\/guenther.schaetzinger.net\/wp-content\/uploads\/2015\/04\/Kart_Cup_Endstand_2014_gs.pdf\" target=\"_blank\">Kart_Cup_Endstand_2014_gs<\/a><\/p>\n","protected":false},"excerpt":{"rendered":"<p>Seit 7. Mai 2014 bin ich Mitglied im Automobilsportclub RRC13 Wien. Neben den monatlichen Treffen werden auch diverse Wettbwerbe und Kartrennen veranstaltet, deren Wertungen in den Kart-Cup und die Clubmeisterschaft einflie\u00dfen. Als w\u00fcrdiger Jahresabschlu\u00df mit \u00dcberreichung der Pokale wird auch eine allj\u00e4hrliche Weihnachtsfeier veranstaltet. Heuer habe ich zwar noch keinen RRC13-Pokal erringen k\u00f6nnen, mein Fahrer &hellip; <a href=\"https:\/\/guenther.schaetzinger.net\/?page_id=170\" class=\"more-link\"><span class=\"screen-reader-text\">Automobilsportclub RRC13 &#8211; 2014<\/span> weiterlesen <span class=\"meta-nav\">&rarr;<\/span><\/a><\/p>\n","protected":false},"author":1,"featured_media":171,"parent":0,"menu_order":0,"comment_status":"closed","ping_status":"closed","template":"","meta":{"footnotes":""},"class_list":["post-170","page","type-page","status-publish","has-post-thumbnail","hentry"],"jetpack_sharing_enabled":true,"jetpack_shortlink":"https:\/\/wp.me\/P60N99-2K","_links":{"self":[{"href":"https:\/\/guenther.schaetzinger.net\/index.php?rest_route=\/wp\/v2\/pages\/170","targetHints":{"allow":["GET"]}}],"collection":[{"href":"https:\/\/guenther.schaetzinger.net\/index.php?rest_route=\/wp\/v2\/pages"}],"about":[{"href":"https:\/\/guenther.schaetzinger.net\/index.php?rest_route=\/wp\/v2\/types\/page"}],"author":[{"embeddable":true,"href":"https:\/\/guenther.schaetzinger.net\/index.php?rest_route=\/wp\/v2\/users\/1"}],"replies":[{"embeddable":true,"href":"https:\/\/guenther.schaetzinger.net\/index.php?rest_route=%2Fwp%2Fv2%2Fcomments&post=170"}],"version-history":[{"count":9,"href":"https:\/\/guenther.schaetzinger.net\/index.php?rest_route=\/wp\/v2\/pages\/170\/revisions"}],"predecessor-version":[{"id":411,"href":"https:\/\/guenther.schaetzinger.net\/index.php?rest_route=\/wp\/v2\/pages\/170\/revisions\/411"}],"wp:featuredmedia":[{"embeddable":true,"href":"https:\/\/guenther.schaetzinger.net\/index.php?rest_route=\/wp\/v2\/media\/171"}],"wp:attachment":[{"href":"https:\/\/guenther.schaetzinger.net\/index.php?rest_route=%2Fwp%2Fv2%2Fmedia&parent=170"}],"curies":[{"name":"wp","href":"https:\/\/api.w.org\/{rel}","templated":true}]}}