{"id":138,"date":"2015-04-04T10:54:51","date_gmt":"2015-04-04T08:54:51","guid":{"rendered":"http:\/\/guenther.schaetzinger.net\/?page_id=138"},"modified":"2015-04-27T13:27:30","modified_gmt":"2015-04-27T11:27:30","slug":"sport","status":"publish","type":"page","link":"https:\/\/guenther.schaetzinger.net\/?page_id=138","title":{"rendered":"Sport"},"content":{"rendered":"<p>Meine sportlichen Aktivit\u00e4ten sind Jiu Jitsu, Karate, Radfahren, Laufen und Schifahren.<\/p>\n<p><span style=\"text-decoration: underline;\"><strong>Jiu Jitsu<\/strong><\/span> betreibe ich seit 2006 im Moosbrunner Verein JJ Jawara Moosbrunn, wo ich unter Sensi <strong>Ignac Hizman<\/strong> (9. Dan Jiu Jitsu, 4. Dan Karate und 2. dan Judo) lerne und trainiere. Als H\u00f6hepunkt kann ich meine Pr\u00fcfung zum 1. Dan anf\u00fchren, die ich mit meinem Partner <strong>Ing.\u00a0\u00a0Hannes Kainzinger<\/strong> am 17. Juli 2013 in der S\u00fcdstadt absolvierte. Die Pr\u00fcfungskommission setzte sich wie folgt zusammen: <strong>Erich Ebetsbuber<\/strong> (9.Dan, Schwechat), <strong>Ignac Hizman<\/strong> und <strong>Ferry Kainz<\/strong> (3.Dan, JJV\u00d6-Vizepr\u00e4sident, Wien).<br \/>\n<a href=\"https:\/\/guenther.schaetzinger.net\/wp-content\/uploads\/2015\/04\/GS_169_DSC_8676.jpg\" target=\"_blank\"><img loading=\"lazy\" decoding=\"async\" data-attachment-id=\"139\" data-permalink=\"https:\/\/guenther.schaetzinger.net\/?attachment_id=139\" data-orig-file=\"https:\/\/guenther.schaetzinger.net\/wp-content\/uploads\/2015\/04\/GS_169_DSC_8676.jpg\" data-orig-size=\"1024,680\" data-comments-opened=\"1\" data-image-meta=\"{&quot;aperture&quot;:&quot;0&quot;,&quot;credit&quot;:&quot;&quot;,&quot;camera&quot;:&quot;&quot;,&quot;caption&quot;:&quot;&quot;,&quot;created_timestamp&quot;:&quot;0&quot;,&quot;copyright&quot;:&quot;&quot;,&quot;focal_length&quot;:&quot;0&quot;,&quot;iso&quot;:&quot;0&quot;,&quot;shutter_speed&quot;:&quot;0&quot;,&quot;title&quot;:&quot;&quot;,&quot;orientation&quot;:&quot;0&quot;}\" data-image-title=\"GS_169_DSC_8676\" data-image-description=\"\" data-image-caption=\"\" data-medium-file=\"https:\/\/guenther.schaetzinger.net\/wp-content\/uploads\/2015\/04\/GS_169_DSC_8676-300x199.jpg\" data-large-file=\"https:\/\/guenther.schaetzinger.net\/wp-content\/uploads\/2015\/04\/GS_169_DSC_8676-1024x680.jpg\" class=\"alignnone size-medium wp-image-139\" src=\"https:\/\/guenther.schaetzinger.net\/wp-content\/uploads\/2015\/04\/GS_169_DSC_8676-300x199.jpg\" alt=\"GS_169_DSC_8676\" width=\"300\" height=\"199\" srcset=\"https:\/\/guenther.schaetzinger.net\/wp-content\/uploads\/2015\/04\/GS_169_DSC_8676-300x199.jpg 300w, https:\/\/guenther.schaetzinger.net\/wp-content\/uploads\/2015\/04\/GS_169_DSC_8676.jpg 1024w\" sizes=\"auto, (max-width: 300px) 100vw, 300px\" \/><\/a><\/p>\n<p>Ebenfalls bei JJ Jawara Moosbrunn trainiere ich seit 2011 <span style=\"text-decoration: underline;\"><strong>Karate<\/strong><\/span> in der Stilrichtung Shaolin Kempo Karate. Meine letzte Pr\u00fcfung war am 15. Juni 2014 in Ebreichsdorf, wo ich unter dem strengen Blick von Sensei <strong>Ignac Hizman<\/strong> (4. Dan) den 4. Kyu (oranger Gurt) erreichte.<a href=\"https:\/\/guenther.schaetzinger.net\/wp-content\/uploads\/2015\/04\/DSC_3590_a16.jpg\" target=\"_blank\"><img loading=\"lazy\" decoding=\"async\" data-attachment-id=\"140\" data-permalink=\"https:\/\/guenther.schaetzinger.net\/?attachment_id=140\" data-orig-file=\"https:\/\/guenther.schaetzinger.net\/wp-content\/uploads\/2015\/04\/DSC_3590_a16.jpg\" data-orig-size=\"1890,773\" data-comments-opened=\"1\" data-image-meta=\"{&quot;aperture&quot;:&quot;4.5&quot;,&quot;credit&quot;:&quot;&quot;,&quot;camera&quot;:&quot;NIKON D90&quot;,&quot;caption&quot;:&quot;&quot;,&quot;created_timestamp&quot;:&quot;1402841512&quot;,&quot;copyright&quot;:&quot;&quot;,&quot;focal_length&quot;:&quot;24&quot;,&quot;iso&quot;:&quot;1250&quot;,&quot;shutter_speed&quot;:&quot;0.016666666666667&quot;,&quot;title&quot;:&quot;&quot;,&quot;orientation&quot;:&quot;1&quot;}\" data-image-title=\"DSC_3590_a16\" data-image-description=\"\" data-image-caption=\"\" data-medium-file=\"https:\/\/guenther.schaetzinger.net\/wp-content\/uploads\/2015\/04\/DSC_3590_a16-300x123.jpg\" data-large-file=\"https:\/\/guenther.schaetzinger.net\/wp-content\/uploads\/2015\/04\/DSC_3590_a16-1024x419.jpg\" class=\"alignnone size-medium wp-image-140\" src=\"https:\/\/guenther.schaetzinger.net\/wp-content\/uploads\/2015\/04\/DSC_3590_a16-300x123.jpg\" alt=\"DSC_3590_a16\" width=\"300\" height=\"123\" srcset=\"https:\/\/guenther.schaetzinger.net\/wp-content\/uploads\/2015\/04\/DSC_3590_a16-300x123.jpg 300w, https:\/\/guenther.schaetzinger.net\/wp-content\/uploads\/2015\/04\/DSC_3590_a16-1024x419.jpg 1024w, https:\/\/guenther.schaetzinger.net\/wp-content\/uploads\/2015\/04\/DSC_3590_a16.jpg 1890w\" sizes=\"auto, (max-width: 300px) 100vw, 300px\" \/><\/a><\/p>\n<p><a title=\"JJ Jawara Moosbrunn\" href=\"http:\/\/www.jawara-moosbrunn.at\" target=\"_blank\"><img loading=\"lazy\" decoding=\"async\" data-attachment-id=\"148\" data-permalink=\"https:\/\/guenther.schaetzinger.net\/?attachment_id=148\" data-orig-file=\"https:\/\/guenther.schaetzinger.net\/wp-content\/uploads\/2015\/04\/JJ_Jawara_Logo-v2-2012.png\" data-orig-size=\"1087,1087\" data-comments-opened=\"1\" data-image-meta=\"{&quot;aperture&quot;:&quot;0&quot;,&quot;credit&quot;:&quot;&quot;,&quot;camera&quot;:&quot;&quot;,&quot;caption&quot;:&quot;&quot;,&quot;created_timestamp&quot;:&quot;0&quot;,&quot;copyright&quot;:&quot;&quot;,&quot;focal_length&quot;:&quot;0&quot;,&quot;iso&quot;:&quot;0&quot;,&quot;shutter_speed&quot;:&quot;0&quot;,&quot;title&quot;:&quot;&quot;,&quot;orientation&quot;:&quot;0&quot;}\" data-image-title=\"JJ_Jawara_Logo v2 2012\" data-image-description=\"\" data-image-caption=\"\" data-medium-file=\"https:\/\/guenther.schaetzinger.net\/wp-content\/uploads\/2015\/04\/JJ_Jawara_Logo-v2-2012-300x300.png\" data-large-file=\"https:\/\/guenther.schaetzinger.net\/wp-content\/uploads\/2015\/04\/JJ_Jawara_Logo-v2-2012-1024x1024.png\" class=\"alignnone size-medium wp-image-148\" src=\"https:\/\/guenther.schaetzinger.net\/wp-content\/uploads\/2015\/04\/JJ_Jawara_Logo-v2-2012-300x300.png\" alt=\"JJ_Jawara_Logo v2 2012\" width=\"300\" height=\"300\" srcset=\"https:\/\/guenther.schaetzinger.net\/wp-content\/uploads\/2015\/04\/JJ_Jawara_Logo-v2-2012-300x300.png 300w, https:\/\/guenther.schaetzinger.net\/wp-content\/uploads\/2015\/04\/JJ_Jawara_Logo-v2-2012-150x150.png 150w, https:\/\/guenther.schaetzinger.net\/wp-content\/uploads\/2015\/04\/JJ_Jawara_Logo-v2-2012-1024x1024.png 1024w, https:\/\/guenther.schaetzinger.net\/wp-content\/uploads\/2015\/04\/JJ_Jawara_Logo-v2-2012.png 1087w\" sizes=\"auto, (max-width: 300px) 100vw, 300px\" \/><\/a><br \/>\nWeitere Informationen \u00fcber den Verein JJ Jawara Moosbrunn findet Ihr auf der Homepage <a title=\"JJ Jawara Moosbrunn\" href=\"http:\/\/www.jawara-moosbrunn.at\" target=\"_blank\">http:\/\/www.jawara-moosbrunn.at<\/a>.<\/p>\n","protected":false},"excerpt":{"rendered":"<p>Meine sportlichen Aktivit\u00e4ten sind Jiu Jitsu, Karate, Radfahren, Laufen und Schifahren. Jiu Jitsu betreibe ich seit 2006 im Moosbrunner Verein JJ Jawara Moosbrunn, wo ich unter Sensi Ignac Hizman (9. Dan Jiu Jitsu, 4. Dan Karate und 2. dan Judo) lerne und trainiere. Als H\u00f6hepunkt kann ich meine Pr\u00fcfung zum 1. Dan anf\u00fchren, die ich &hellip; <a href=\"https:\/\/guenther.schaetzinger.net\/?page_id=138\" class=\"more-link\"><span class=\"screen-reader-text\">Sport<\/span> weiterlesen <span class=\"meta-nav\">&rarr;<\/span><\/a><\/p>\n","protected":false},"author":1,"featured_media":0,"parent":0,"menu_order":0,"comment_status":"closed","ping_status":"closed","template":"","meta":{"footnotes":""},"class_list":["post-138","page","type-page","status-publish","hentry"],"jetpack_sharing_enabled":true,"jetpack_shortlink":"https:\/\/wp.me\/P60N99-2e","_links":{"self":[{"href":"https:\/\/guenther.schaetzinger.net\/index.php?rest_route=\/wp\/v2\/pages\/138","targetHints":{"allow":["GET"]}}],"collection":[{"href":"https:\/\/guenther.schaetzinger.net\/index.php?rest_route=\/wp\/v2\/pages"}],"about":[{"href":"https:\/\/guenther.schaetzinger.net\/index.php?rest_route=\/wp\/v2\/types\/page"}],"author":[{"embeddable":true,"href":"https:\/\/guenther.schaetzinger.net\/index.php?rest_route=\/wp\/v2\/users\/1"}],"replies":[{"embeddable":true,"href":"https:\/\/guenther.schaetzinger.net\/index.php?rest_route=%2Fwp%2Fv2%2Fcomments&post=138"}],"version-history":[{"count":5,"href":"https:\/\/guenther.schaetzinger.net\/index.php?rest_route=\/wp\/v2\/pages\/138\/revisions"}],"predecessor-version":[{"id":150,"href":"https:\/\/guenther.schaetzinger.net\/index.php?rest_route=\/wp\/v2\/pages\/138\/revisions\/150"}],"wp:attachment":[{"href":"https:\/\/guenther.schaetzinger.net\/index.php?rest_route=%2Fwp%2Fv2%2Fmedia&parent=138"}],"curies":[{"name":"wp","href":"https:\/\/api.w.org\/{rel}","templated":true}]}}